{"id":665,"date":"2022-03-16T10:28:03","date_gmt":"2022-03-16T10:28:03","guid":{"rendered":"http:\/\/www.thegreenvalleys.org\/?page_id=665"},"modified":"2022-04-11T11:47:20","modified_gmt":"2022-04-11T10:47:20","slug":"caerau","status":"publish","type":"page","link":"http:\/\/www.thegreenvalleys.org\/cy\/caerau\/","title":{"rendered":"Caerau"},"content":{"rendered":"\n<div class=\"wp-block-genesis-blocks-gb-columns gb-layout-service-3 gb-layout-columns-2 gb-2-col-wideleft gb-columns-center alignfull\" style=\"padding-top:3%;padding-right:5%;padding-bottom:3%;padding-left:5%\"><div class=\"gb-layout-column-wrap gb-block-layout-column-gap-5 gb-is-responsive-column\" style=\"max-width:1024px\">\n<div class=\"wp-block-genesis-blocks-gb-column gb-block-layout-column\"><div class=\"gb-block-layout-column-inner\">\n<h1><strong>Skyline Caerau<\/strong><\/h1>\n\n\n\n<p>Ariennir Skyline Caerau gan Gymunedau Gwledig Llywodraeth Cymru \u2014 Rhaglen Datblygu Gwledig 2014-2020, a ariennir gan Lywodraeth Cymru a&#8217;r Undeb Ewropeaidd ac sy&#8217;n rhedeg o ddiwedd 2021 tan wanwyn 2023. Mae&#8217;r prosiect hwn wedi&#8217;i leoli ar dir yr Awdurdod Glo a CNC (Cyfoeth Naturiol Cymru) y tu \u00f4l i Yst\u00e2d Blaencaerau ym Mhen-y-bont ar Ogwr. Gan weithio ochr yn ochr \u00e2 Buddsoddi&#8217;n Lleol Caerau, grwpiau cymunedol lleol a chymuned Caerau, rydym yn bwriadu datblygu&#8217;r tir ar gyfer anghenion y gymuned gan ddefnyddio&#8217;r goedwig a&#8217;r tir presennol.<\/p>\n\n\n\n<p>Yn dilyn astudiaeth ddichonoldeb 2019, mae&#8217;r gymuned wedi darlunio syniadau ar gyfer defnyddio\u2019r tir gan gynnwys gwneud yr ardal yn hygyrch i&#8217;r holl gymuned drwy wneud y tir yn fwy hygyrch i bobl ag anableddau corfforol, a chreu llwybrau cerdded ac arosfannau gorffwys i&#8217;r gymuned fwynhau&#8217;r golygfeydd o ochr y bryn. Ynghyd ag annog tyfu planhigion brodorol ac annog peillio trwy gychod gwenyn.&nbsp;<\/p>\n\n\n\n<p>Mae Skyline Caerau yng nghamau cynnar ei ddatblygiad ond mae syniadau gan y gymuned yn edrych i greu incwm i&#8217;r ardal a helpu cynnal hirhoedledd a chynaliadwyedd y prosiect. Gallai hyn gynnwys creu ardal benodol ar gyfer llain pwmpenni, g\u0175yl fwyd yn yr hydref, tyfu ffrwythau a llysiau a maes chwarae i blant.&nbsp;<\/p>\n\n\n\n<p>Ar hyn o bryd, mae gr\u0175p llywio bach yn helpu i lunio cynlluniau Skyline Caerau ar gyfer y dyfodol. Mae cynnwys y gymuned gyfan yn hanfodol i lwyddiant Skyline Caerau er mwyn rhoi cyfle i bawb benderfynu beth sydd ei angen ar gyfer yr ardal a sut i&#8217;w gynnal. Byddwn yn gweithio&#8217;n agos gyda CNC i gynnal coedwigaeth a harddwch yr ardal ac ehangu cysylltiadau cymunedol, ymgysylltu \u00e2 busnesau, elusennau a sefydliadau lleol.&nbsp;<\/p>\n\n\n\n<p>Os oes gennych ddiddordeb mewn bod yn rhan o Skykline Caerau, <a href=\"http:\/\/www.thegreenvalleys.org\/cy\/about-us\/\">cysylltwch \u00e2 ni.<\/a><\/p>\n<\/div><\/div>\n\n\n\n<div class=\"wp-block-genesis-blocks-gb-column gb-block-layout-column gb-is-vertically-aligned-top\"><div class=\"gb-block-layout-column-inner\">\n<figure class=\"is-layout-flex wp-block-gallery-1 wp-block-gallery has-nested-images columns-2 is-cropped\">\n<figure class=\"wp-block-image size-large\"><a href=\"http:\/\/www.thegreenvalleys.org\/wp-content\/uploads\/Caeraulandscape.png\" target=\"_blank\" rel=\"noopener\"><img decoding=\"async\" loading=\"lazy\" width=\"1024\" height=\"766\" src=\"http:\/\/www.thegreenvalleys.org\/wp-content\/uploads\/Caeraulandscape-1024x766.png\" alt=\"\" class=\"wp-image-792\" srcset=\"http:\/\/www.thegreenvalleys.org\/wp-content\/uploads\/Caeraulandscape-1024x766.png 1024w, http:\/\/www.thegreenvalleys.org\/wp-content\/uploads\/Caeraulandscape-300x225.png 300w, http:\/\/www.thegreenvalleys.org\/wp-content\/uploads\/Caeraulandscape-768x575.png 768w, http:\/\/www.thegreenvalleys.org\/wp-content\/uploads\/Caeraulandscape.png 1173w\" sizes=\"(max-width: 1024px) 100vw, 1024px\" \/><\/a><\/figure>\n\n\n\n<figure class=\"wp-block-image size-full\"><a href=\"http:\/\/www.thegreenvalleys.org\/wp-content\/uploads\/CaerauFair.jpg\" target=\"_blank\" rel=\"noopener\"><img decoding=\"async\" loading=\"lazy\" width=\"960\" height=\"576\" src=\"http:\/\/www.thegreenvalleys.org\/wp-content\/uploads\/CaerauFair.jpg\" alt=\"\" class=\"wp-image-794\" srcset=\"http:\/\/www.thegreenvalleys.org\/wp-content\/uploads\/CaerauFair.jpg 960w, http:\/\/www.thegreenvalleys.org\/wp-content\/uploads\/CaerauFair-300x180.jpg 300w, http:\/\/www.thegreenvalleys.org\/wp-content\/uploads\/CaerauFair-768x461.jpg 768w\" sizes=\"(max-width: 960px) 100vw, 960px\" \/><\/a><\/figure>\n\n\n\n<figure class=\"wp-block-image size-full\"><a href=\"http:\/\/www.thegreenvalleys.org\/wp-content\/uploads\/20220318_102455-rotated.jpg\" target=\"_blank\" rel=\"noopener\"><img decoding=\"async\" loading=\"lazy\" width=\"152\" height=\"320\" src=\"http:\/\/www.thegreenvalleys.org\/wp-content\/uploads\/20220318_102455-rotated.jpg\" alt=\"\" class=\"wp-image-796\" srcset=\"http:\/\/www.thegreenvalleys.org\/wp-content\/uploads\/20220318_102455-rotated.jpg 152w, http:\/\/www.thegreenvalleys.org\/wp-content\/uploads\/20220318_102455-143x300.jpg 143w\" sizes=\"(max-width: 152px) 100vw, 152px\" \/><\/a><\/figure>\n\n\n\n<figure class=\"wp-block-image size-full\"><a href=\"http:\/\/www.thegreenvalleys.org\/wp-content\/uploads\/20220318_102509.jpg\" target=\"_blank\" rel=\"noopener\"><img decoding=\"async\" loading=\"lazy\" width=\"320\" height=\"152\" src=\"http:\/\/www.thegreenvalleys.org\/wp-content\/uploads\/20220318_102509.jpg\" alt=\"\" class=\"wp-image-798\" srcset=\"http:\/\/www.thegreenvalleys.org\/wp-content\/uploads\/20220318_102509.jpg 320w, http:\/\/www.thegreenvalleys.org\/wp-content\/uploads\/20220318_102509-300x143.jpg 300w\" sizes=\"(max-width: 320px) 100vw, 320px\" \/><\/a><\/figure>\n<\/figure>\n<\/div><\/div>\n<\/div><\/div>\n\n\n\n<figure class=\"wp-block-image size-large is-resized\"><img decoding=\"async\" loading=\"lazy\" src=\"http:\/\/www.thegreenvalleys.org\/wp-content\/uploads\/EAFRD_WG-logo-jpeg-Final2-5-1024x405.jpg\" alt=\"\" class=\"wp-image-806\" width=\"465\" height=\"183\" srcset=\"http:\/\/www.thegreenvalleys.org\/wp-content\/uploads\/EAFRD_WG-logo-jpeg-Final2-5-1024x405.jpg 1024w, http:\/\/www.thegreenvalleys.org\/wp-content\/uploads\/EAFRD_WG-logo-jpeg-Final2-5-300x119.jpg 300w, http:\/\/www.thegreenvalleys.org\/wp-content\/uploads\/EAFRD_WG-logo-jpeg-Final2-5-768x304.jpg 768w, http:\/\/www.thegreenvalleys.org\/wp-content\/uploads\/EAFRD_WG-logo-jpeg-Final2-5-1536x608.jpg 1536w, http:\/\/www.thegreenvalleys.org\/wp-content\/uploads\/EAFRD_WG-logo-jpeg-Final2-5-2048x811.jpg 2048w\" sizes=\"(max-width: 465px) 100vw, 465px\" \/><\/figure>\n\n\n\n<div class=\"wp-block-genesis-blocks-gb-columns gb-layout-service-3 gb-layout-columns-1 gb-1-col-equal gb-columns-center alignfull\" style=\"padding-top:1%;padding-right:5%;padding-bottom:3%;padding-left:5%\"><div class=\"gb-layout-column-wrap gb-block-layout-column-gap-5 gb-is-responsive-column\" style=\"max-width:1024px\">\n<div class=\"wp-block-genesis-blocks-gb-column gb-block-layout-column\"><div class=\"gb-block-layout-column-inner\">\n<h2><strong>Latest Project News<\/strong><\/h2>\n\n\n<ul class=\"wp-block-latest-posts__list wp-block-latest-posts\"><\/ul><\/div><\/div>\n<\/div><\/div>\n<!-- AddThis Advanced Settings generic via filter on the_content --><!-- AddThis Share Buttons generic via filter on the_content -->","protected":false},"excerpt":{"rendered":"<p><!-- AddThis Advanced Settings generic via filter on get_the_excerpt --><!-- AddThis Share Buttons generic via filter on get_the_excerpt --><\/p>\n","protected":false},"author":1,"featured_media":0,"parent":0,"menu_order":0,"comment_status":"closed","ping_status":"closed","template":"","meta":{"_genesis_hide_title":true,"_genesis_hide_breadcrumbs":false,"_genesis_hide_singular_image":false,"_genesis_hide_footer_widgets":false,"_genesis_custom_body_class":"","_genesis_custom_post_class":"","_genesis_layout":"full-width-content"},"yoast_head":"<!-- This site is optimized with the Yoast SEO plugin v19.13 - https:\/\/yoast.com\/wordpress\/plugins\/seo\/ -->\n<title>Caerau - The Green Valleys<\/title>\n<meta name=\"robots\" content=\"index, follow, max-snippet:-1, max-image-preview:large, max-video-preview:-1\" \/>\n<link rel=\"canonical\" href=\"https:\/\/www.thegreenvalleys.org\/cy\/caerau\/\" \/>\n<meta property=\"og:locale\" content=\"cy_GB\" \/>\n<meta property=\"og:type\" content=\"article\" \/>\n<meta property=\"og:title\" content=\"Caerau - The Green Valleys\" \/>\n<meta property=\"og:url\" content=\"https:\/\/www.thegreenvalleys.org\/cy\/caerau\/\" \/>\n<meta property=\"og:site_name\" content=\"The Green Valleys\" \/>\n<meta property=\"article:modified_time\" content=\"2022-04-11T10:47:20+00:00\" \/>\n<meta property=\"og:image\" content=\"http:\/\/www.thegreenvalleys.org\/wp-content\/uploads\/Caeraulandscape-1024x766.png\" \/>\n<meta name=\"twitter:card\" content=\"summary_large_image\" \/>\n<meta name=\"twitter:label1\" content=\"Est. reading time\" \/>\n\t<meta name=\"twitter:data1\" content=\"3 minutes\" \/>\n<script type=\"application\/ld+json\" class=\"yoast-schema-graph\">{\"@context\":\"https:\/\/schema.org\",\"@graph\":[{\"@type\":\"WebPage\",\"@id\":\"https:\/\/www.thegreenvalleys.org\/cy\/caerau\/\",\"url\":\"https:\/\/www.thegreenvalleys.org\/cy\/caerau\/\",\"name\":\"Caerau - The Green Valleys\",\"isPartOf\":{\"@id\":\"https:\/\/www.thegreenvalleys.org\/#website\"},\"datePublished\":\"2022-03-16T10:28:03+00:00\",\"dateModified\":\"2022-04-11T10:47:20+00:00\",\"breadcrumb\":{\"@id\":\"https:\/\/www.thegreenvalleys.org\/cy\/caerau\/#breadcrumb\"},\"inLanguage\":\"cy-GB\",\"potentialAction\":[{\"@type\":\"ReadAction\",\"target\":[\"https:\/\/www.thegreenvalleys.org\/cy\/caerau\/\"]}]},{\"@type\":\"BreadcrumbList\",\"@id\":\"https:\/\/www.thegreenvalleys.org\/cy\/caerau\/#breadcrumb\",\"itemListElement\":[{\"@type\":\"ListItem\",\"position\":1,\"name\":\"Home\",\"item\":\"http:\/\/www.thegreenvalleys.org\/cy\/\"},{\"@type\":\"ListItem\",\"position\":2,\"name\":\"Caerau\"}]},{\"@type\":\"WebSite\",\"@id\":\"https:\/\/www.thegreenvalleys.org\/#website\",\"url\":\"https:\/\/www.thegreenvalleys.org\/\",\"name\":\"The Green Valleys\",\"description\":\"The Green Valleys\",\"potentialAction\":[{\"@type\":\"SearchAction\",\"target\":{\"@type\":\"EntryPoint\",\"urlTemplate\":\"https:\/\/www.thegreenvalleys.org\/?s={search_term_string}\"},\"query-input\":\"required name=search_term_string\"}],\"inLanguage\":\"cy-GB\"}]}<\/script>\n<!-- \/ Yoast SEO plugin. -->","yoast_head_json":{"title":"Caerau - The Green Valleys","robots":{"index":"index","follow":"follow","max-snippet":"max-snippet:-1","max-image-preview":"max-image-preview:large","max-video-preview":"max-video-preview:-1"},"canonical":"https:\/\/www.thegreenvalleys.org\/cy\/caerau\/","og_locale":"cy_GB","og_type":"article","og_title":"Caerau - The Green Valleys","og_url":"https:\/\/www.thegreenvalleys.org\/cy\/caerau\/","og_site_name":"The Green Valleys","article_modified_time":"2022-04-11T10:47:20+00:00","og_image":[{"url":"http:\/\/www.thegreenvalleys.org\/wp-content\/uploads\/Caeraulandscape-1024x766.png"}],"twitter_card":"summary_large_image","twitter_misc":{"Est. reading time":"3 minutes"},"schema":{"@context":"https:\/\/schema.org","@graph":[{"@type":"WebPage","@id":"https:\/\/www.thegreenvalleys.org\/cy\/caerau\/","url":"https:\/\/www.thegreenvalleys.org\/cy\/caerau\/","name":"Caerau - The Green Valleys","isPartOf":{"@id":"https:\/\/www.thegreenvalleys.org\/#website"},"datePublished":"2022-03-16T10:28:03+00:00","dateModified":"2022-04-11T10:47:20+00:00","breadcrumb":{"@id":"https:\/\/www.thegreenvalleys.org\/cy\/caerau\/#breadcrumb"},"inLanguage":"cy-GB","potentialAction":[{"@type":"ReadAction","target":["https:\/\/www.thegreenvalleys.org\/cy\/caerau\/"]}]},{"@type":"BreadcrumbList","@id":"https:\/\/www.thegreenvalleys.org\/cy\/caerau\/#breadcrumb","itemListElement":[{"@type":"ListItem","position":1,"name":"Home","item":"http:\/\/www.thegreenvalleys.org\/cy\/"},{"@type":"ListItem","position":2,"name":"Caerau"}]},{"@type":"WebSite","@id":"https:\/\/www.thegreenvalleys.org\/#website","url":"https:\/\/www.thegreenvalleys.org\/","name":"The Green Valleys","description":"The Green Valleys","potentialAction":[{"@type":"SearchAction","target":{"@type":"EntryPoint","urlTemplate":"https:\/\/www.thegreenvalleys.org\/?s={search_term_string}"},"query-input":"required name=search_term_string"}],"inLanguage":"cy-GB"}]}},"featured_image_src":null,"featured_image_src_square":null,"_links":{"self":[{"href":"http:\/\/www.thegreenvalleys.org\/cy\/wp-json\/wp\/v2\/pages\/665"}],"collection":[{"href":"http:\/\/www.thegreenvalleys.org\/cy\/wp-json\/wp\/v2\/pages"}],"about":[{"href":"http:\/\/www.thegreenvalleys.org\/cy\/wp-json\/wp\/v2\/types\/page"}],"author":[{"embeddable":true,"href":"http:\/\/www.thegreenvalleys.org\/cy\/wp-json\/wp\/v2\/users\/1"}],"replies":[{"embeddable":true,"href":"http:\/\/www.thegreenvalleys.org\/cy\/wp-json\/wp\/v2\/comments?post=665"}],"version-history":[{"count":7,"href":"http:\/\/www.thegreenvalleys.org\/cy\/wp-json\/wp\/v2\/pages\/665\/revisions"}],"predecessor-version":[{"id":812,"href":"http:\/\/www.thegreenvalleys.org\/cy\/wp-json\/wp\/v2\/pages\/665\/revisions\/812"}],"wp:attachment":[{"href":"http:\/\/www.thegreenvalleys.org\/cy\/wp-json\/wp\/v2\/media?parent=665"}],"curies":[{"name":"wp","href":"https:\/\/api.w.org\/{rel}","templated":true}]}}